{"id":14,"date":"2024-03-12T13:46:51","date_gmt":"2024-03-12T10:46:51","guid":{"rendered":"https:\/\/demo.balpazar.com.tr\/?post_type=product&#038;p=14"},"modified":"2024-03-12T13:46:51","modified_gmt":"2024-03-12T10:46:51","slug":"mugla-petek-sicak-dokum-1kg","status":"publish","type":"product","link":"https:\/\/demo.balpazar.com.tr\/?product=mugla-petek-sicak-dokum-1kg","title":{"rendered":"MU\u011eLA PETEK SICAK D\u00d6K\u00dcM ( 1KG )"},"content":{"rendered":"<ul>\n<li>Saf bal Mumundan Steril Ortamda 120 \u2103 &#8216;de Kaynat\u0131larak \u0130mal edilmi\u015ftir.<\/li>\n<li>Tar\u0131m Bakanl\u0131\u011f\u0131n\u0131n \u00a0TR-48-K-002507 Say\u0131l\u0131 \u0130zni \u0130le \u00dcretilmi\u015ftir.<\/li>\n<li>21X41 cm Standart \u00d6l\u00e7\u00fc Pete\u011fin Kilogram\u0131nda 13-14 Adet Bulunmaktad\u0131r.<\/li>\n<\/ul>\n","protected":false},"excerpt":{"rendered":"<p>Saf bal Mumundan Steril Ortamda 120 \u2103 &#8216;de Kaynat\u0131larak \u0130mal edilmi\u015ftir. Tar\u0131m Bakanl\u0131\u011f\u0131n\u0131n \u00a0TR-48-K-002507 Say\u0131l\u0131 \u0130zni \u0130le \u00dcretilmi\u015ftir. 21X41 cm Standart \u00d6l\u00e7\u00fc Pete\u011fin Kilogram\u0131nda 13-14 Adet Bulunmaktad\u0131r.<\/p>\n","protected":false},"featured_media":15,"comment_status":"open","ping_status":"closed","template":"","meta":[],"product_cat":[17],"product_tag":[19,18],"class_list":{"0":"post-14","1":"product","2":"type-product","3":"status-publish","4":"has-post-thumbnail","6":"product_cat-temel-petek-cesitleri","7":"product_tag-mugla-petek","8":"product_tag-petek","10":"first","11":"instock","12":"taxable","13":"shipping-taxable","14":"purchasable","15":"product-type-simple"},"_links":{"self":[{"href":"https:\/\/demo.balpazar.com.tr\/index.php?rest_route=\/wp\/v2\/product\/14","targetHints":{"allow":["GET"]}}],"collection":[{"href":"https:\/\/demo.balpazar.com.tr\/index.php?rest_route=\/wp\/v2\/product"}],"about":[{"href":"https:\/\/demo.balpazar.com.tr\/index.php?rest_route=\/wp\/v2\/types\/product"}],"replies":[{"embeddable":true,"href":"https:\/\/demo.balpazar.com.tr\/index.php?rest_route=%2Fwp%2Fv2%2Fcomments&post=14"}],"wp:featuredmedia":[{"embeddable":true,"href":"https:\/\/demo.balpazar.com.tr\/index.php?rest_route=\/wp\/v2\/media\/15"}],"wp:attachment":[{"href":"https:\/\/demo.balpazar.com.tr\/index.php?rest_route=%2Fwp%2Fv2%2Fmedia&parent=14"}],"wp:term":[{"taxonomy":"product_cat","embeddable":true,"href":"https:\/\/demo.balpazar.com.tr\/index.php?rest_route=%2Fwp%2Fv2%2Fproduct_cat&post=14"},{"taxonomy":"product_tag","embeddable":true,"href":"https:\/\/demo.balpazar.com.tr\/index.php?rest_route=%2Fwp%2Fv2%2Fproduct_tag&post=14"}],"curies":[{"name":"wp","href":"https:\/\/api.w.org\/{rel}","templated":true}]}}